{"id":82,"date":"2013-07-16T12:52:04","date_gmt":"2013-07-16T10:52:04","guid":{"rendered":"http:\/\/karate1.instantweb.si\/?page_id=82"},"modified":"2024-05-04T22:30:40","modified_gmt":"2024-05-04T20:30:40","slug":"sponzorji","status":"publish","type":"page","link":"http:\/\/karatedrustvoloce.si\/index.php\/sponzorji\/","title":{"rendered":"Sponzorji"},"content":{"rendered":"\n<p class=\"has-medium-font-size\"><strong>Brez podpore sponzorjev ne bi mogli uresni\u010devati na\u0161ih na\u010drtov. Hvala vsem sponzorjem in donatorjem!<\/strong><\/p>\n\n\n\n<p class=\"has-medium-font-size\">Pomagajo nam:<\/p>\n\n\n\n<figure class=\"wp-block-image size-full is-resized\"><a href=\"https:\/\/karatedrustvoloce.si\/wp-content\/uploads\/2024\/05\/2024-05-04-22_30_03-KD-LOCE-KOLEDAR-2024_3.png-\u200e-Fotografije.png\"><img loading=\"lazy\" decoding=\"async\" width=\"568\" height=\"778\" src=\"https:\/\/karatedrustvoloce.si\/wp-content\/uploads\/2024\/05\/2024-05-04-22_30_03-KD-LOCE-KOLEDAR-2024_3.png-\u200e-Fotografije.png\" alt=\"\" class=\"wp-image-1470\" style=\"width:496px;height:auto\" srcset=\"http:\/\/karatedrustvoloce.si\/wp-content\/uploads\/2024\/05\/2024-05-04-22_30_03-KD-LOCE-KOLEDAR-2024_3.png-\u200e-Fotografije.png 568w, http:\/\/karatedrustvoloce.si\/wp-content\/uploads\/2024\/05\/2024-05-04-22_30_03-KD-LOCE-KOLEDAR-2024_3.png-\u200e-Fotografije-266x365.png 266w\" sizes=\"auto, (max-width: 568px) 100vw, 568px\" \/><\/a><\/figure>\n\n\n\n<p class=\"has-medium-font-size\">Podjetja, ki bi bila zainteresirana sponzorirati na\u0161e dru\u0161tvo pa prosim, da kontaktirate: karate.drustvo.loce@gmail.com<\/p>\n","protected":false},"excerpt":{"rendered":"<p>Brez podpore sponzorjev ne bi mogli uresni\u010devati na\u0161ih na\u010drtov. Hvala vsem sponzorjem in donatorjem! Pomagajo nam: Podjetja, ki bi bila zainteresirana sponzorirati na\u0161e dru\u0161tvo pa prosim, da kontaktirate: karate.drustvo.loce@gmail.com<\/p>\n","protected":false},"author":1,"featured_media":0,"parent":0,"menu_order":5,"comment_status":"closed","ping_status":"closed","template":"","meta":{"_monsterinsights_skip_tracking":false,"_monsterinsights_sitenote_active":false,"_monsterinsights_sitenote_note":"","_monsterinsights_sitenote_category":0,"ngg_post_thumbnail":0,"footnotes":""},"class_list":["post-82","page","type-page","status-publish","hentry"],"_links":{"self":[{"href":"http:\/\/karatedrustvoloce.si\/index.php\/wp-json\/wp\/v2\/pages\/82","targetHints":{"allow":["GET"]}}],"collection":[{"href":"http:\/\/karatedrustvoloce.si\/index.php\/wp-json\/wp\/v2\/pages"}],"about":[{"href":"http:\/\/karatedrustvoloce.si\/index.php\/wp-json\/wp\/v2\/types\/page"}],"author":[{"embeddable":true,"href":"http:\/\/karatedrustvoloce.si\/index.php\/wp-json\/wp\/v2\/users\/1"}],"replies":[{"embeddable":true,"href":"http:\/\/karatedrustvoloce.si\/index.php\/wp-json\/wp\/v2\/comments?post=82"}],"version-history":[{"count":12,"href":"http:\/\/karatedrustvoloce.si\/index.php\/wp-json\/wp\/v2\/pages\/82\/revisions"}],"predecessor-version":[{"id":1472,"href":"http:\/\/karatedrustvoloce.si\/index.php\/wp-json\/wp\/v2\/pages\/82\/revisions\/1472"}],"wp:attachment":[{"href":"http:\/\/karatedrustvoloce.si\/index.php\/wp-json\/wp\/v2\/media?parent=82"}],"curies":[{"name":"wp","href":"https:\/\/api.w.org\/{rel}","templated":true}]}}